{"id":31761,"date":"2024-10-28T17:41:12","date_gmt":"2024-10-28T16:41:12","guid":{"rendered":"https:\/\/all4sardinia.com\/?page_id=31761"},"modified":"2024-10-28T17:58:09","modified_gmt":"2024-10-28T16:58:09","slug":"servizi","status":"publish","type":"page","link":"https:\/\/all4sardinia.com\/de\/servizi\/","title":{"rendered":"Dienstleistungen"},"content":{"rendered":"\n<p><strong>ALL4SARDINIA <\/strong>IST EINE WERBEAGENTUR, DIENSTLEISTUNGEN UND VERWALTUNG F\u00dcR FERIENWOHNUNGEN<br>KONZENTRIERT SICH AUF DAS ERREICHEN VON ZWEI HAUPTZIELEN:<\/p>\n\n\n\n<ul class=\"wp-block-list\">\n<li>LASSEN SIE TOURISTEN SORGENFREI EINEN URLAUB AUF SARDINIEN, BESONDERS IN DER PROVINZ OGLIASTRA, VERBRINGEN<br><\/li>\n\n\n\n<li>UNTERST\u00dcTZEN SIE ALLE, DIE DIE VERWALTUNG IHRES FERIENHAUSES NICHT VOLLST\u00c4NDIG DURCHF\u00dcHREN K\u00d6NNEN UND DAHER EINEN BERATER UND\/ODER MITARBEITER BEN\u00d6TIGEN<\/li>\n<\/ul>\n\n\n\n<hr class=\"wp-block-separator has-css-opacity\"\/>\n\n\n\n<div class=\"wp-block-columns has-2-columns is-layout-flex wp-container-core-columns-is-layout-9d6595d7 wp-block-columns-is-layout-flex\">\n<div class=\"wp-block-column is-layout-flow wp-block-column-is-layout-flow\">\n<h2 class=\"has-text-align-center wp-block-heading\">Sind Sie ein Eigent\u00fcmer?<\/h2>\n\n\n\n<p class=\"has-text-align-center\"><span class=\"uk-text-primary uk-icon\" uk-icon=\"icon: home; ratio: 4;\"><svg width=\"80\" height=\"80\" viewBox=\"0 0 20 20\" xmlns=\"http:\/\/www.w3.org\/2000\/svg\" data-svg=\"home\"><polygon points=\"18.65 11.35 10 2.71 1.35 11.35 0.65 10.65 10 1.29 19.35 10.65\"><\/polygon><polygon points=\"15 4 18 4 18 7 17 7 17 5 15 5\"><\/polygon><polygon points=\"3 11 4 11 4 18 7 18 7 12 12 12 12 18 16 18 16 11 17 11 17 19 11 19 11 13 8 13 8 19 3 19\"><\/polygon><\/svg><\/span><\/p>\n\n\n\n<p>Die Agentur bietet den Eigent\u00fcmern die folgenden Dienstleistungen an:<\/p>\n\n\n\n<ol class=\"wp-block-list\">\n<li>Optimierung der Einnahmen der Struktur<\/li>\n\n\n\n<li>Technische, logistische und administrative Beratung f\u00fcr diejenigen, die an der Gr\u00fcndung eines Ferienhauses, B&amp;B, G\u00e4stehauses oder einfach einer kurzfristigen touristischen Vermietung interessiert sind, mit Beratung zur Einrichtung und Verwaltung der R\u00e4ume.<\/li>\n\n\n\n<li>Werbung f\u00fcr Ihre Struktur auf den bekanntesten Online-Portalen und im reservierten Bereich unserer Website.<\/li>\n\n\n\n<li>Fehlerbehebung bei Problemen im Zusammenhang mit der Struktur.<\/li>\n\n\n\n<li>Kleine normale Wartung.<\/li>\n\n\n\n<li>Au\u00dferordentliche Wartung nur nach ausdr\u00fccklicher Anfrage der Eigent\u00fcmer.<\/li>\n<\/ol>\n\n\n\n<p><strong>N.B:<\/strong>&nbsp;Die touristische Betreuung wird nur in den Ferienh\u00e4usern in Ogliastra vor Ort angeboten.<\/p>\n<\/div>\n\n\n\n<div class=\"wp-block-column is-layout-flow wp-block-column-is-layout-flow\">\n<h2 class=\"has-text-align-center wp-block-heading\">Sind Sie ein Tourist?<\/h2>\n\n\n\n<p class=\"has-text-align-center\"><span class=\"uk-text-primary uk-icon\" uk-icon=\"icon: user; ratio: 4;\"><svg width=\"80\" height=\"80\" viewBox=\"0 0 20 20\" xmlns=\"http:\/\/www.w3.org\/2000\/svg\" data-svg=\"user\"><circle fill=\"none\" stroke=\"#000\" stroke-width=\"1.1\" cx=\"9.9\" cy=\"6.4\" r=\"4.4\"><\/circle><path fill=\"none\" stroke=\"#000\" stroke-width=\"1.1\" d=\"M1.5,19 C2.3,14.5 5.8,11.2 10,11.2 C14.2,11.2 17.7,14.6 18.5,19.2\"><\/path><\/svg><\/span><\/p>\n\n\n\n<p>Die Agentur bietet folgende Dienstleistungen f\u00fcr alle Touristen an:<\/p>\n\n\n\n<ol class=\"wp-block-list\">\n<li>Check-in an der Rezeption: Vorstellung des Objekts und der technischen Ausstattung, Schl\u00fcssel\u00fcbergabe, Vorstellung des Gebiets und der umliegenden Aktivit\u00e4ten.<\/li>\n\n\n\n<li>Begleitung des Gastes w\u00e4hrend des Aufenthaltes.<\/li>\n\n\n\n<li>Abreise.<\/li>\n\n\n\n<li>Planung der w\u00f6chentlichen Reinigung, falls vom Eigent\u00fcmer vorgesehen, und\/oder t\u00e4gliche Reinigung auf Wunsch des Gastes.<\/li>\n\n\n\n<li>Lieferungen von W\u00e4sche auf Wunsch des Gastes (von einer industriellen W\u00e4scherei bereitgestellt).<\/li>\n\n\n\n<li>Vorabbuchung von Schiffen durch ausgew\u00e4hlte und vereinbarte Reiseveranstalter<\/li>\n<\/ol>\n\n\n\n<p><strong>N.B:<\/strong>&nbsp;Eine touristische Betreuung vor Ort ist nur in den Ferienh\u00e4usern in der Ogliastra m\u00f6glich.<a href=\"https:\/\/all4sardinia.com\/wp-admin\/post.php?post=17069&amp;action=edit&amp;lang=it\"><\/a><\/p>\n<\/div>\n<\/div>\n\n\n\n<div style=\"height:50px\" aria-hidden=\"true\" class=\"wp-block-spacer\"><\/div>\n\n\n\n<h2 class=\"has-text-align-center wp-block-heading\" style=\"font-size:26px\">Partners<\/h2>\n\n\n\n<div style=\"height:50px\" aria-hidden=\"true\" class=\"wp-block-spacer\"><\/div>\n\n\n\n<div class=\"wp-block-cb-carousel\" data-slick=\"{&quot;slidesToShow&quot;:3,&quot;slidesToScroll&quot;:1,&quot;speed&quot;:300,&quot;arrows&quot;:true,&quot;dots&quot;:false,&quot;autoplay&quot;:true,&quot;autoplaySpeed&quot;:3000,&quot;infinite&quot;:true,&quot;responsive&quot;:[{&quot;breakpoint&quot;:769,&quot;settings&quot;:{&quot;slidesToShow&quot;:1,&quot;slidesToScroll&quot;:1}}]}\">\n<div class=\"wp-block-cb-slide\">\n<figure class=\"wp-block-image size-full\"><a href=\"https:\/\/www.andhaus.it\"><img loading=\"lazy\" decoding=\"async\" width=\"440\" height=\"280\" src=\"https:\/\/all4sardinia.com\/wp-content\/uploads\/2023\/03\/Andhaus_logo.png\" alt=\"\" class=\"wp-image-30540\" srcset=\"https:\/\/all4sardinia.com\/wp-content\/uploads\/2023\/03\/Andhaus_logo.png 440w, https:\/\/all4sardinia.com\/wp-content\/uploads\/2023\/03\/Andhaus_logo-300x191.png 300w\" sizes=\"auto, (max-width: 440px) 100vw, 440px\" \/><\/a><\/figure>\n<\/div>\n\n\n\n<div class=\"wp-block-cb-slide\">\n<figure class=\"wp-block-image size-full\"><a href=\"https:\/\/sajanaholidays.it\/\"><img loading=\"lazy\" decoding=\"async\" width=\"440\" height=\"280\" src=\"https:\/\/all4sardinia.com\/wp-content\/uploads\/2023\/03\/Sa_Jana_logo.png\" alt=\"\" class=\"wp-image-30543\" srcset=\"https:\/\/all4sardinia.com\/wp-content\/uploads\/2023\/03\/Sa_Jana_logo.png 440w, https:\/\/all4sardinia.com\/wp-content\/uploads\/2023\/03\/Sa_Jana_logo-300x191.png 300w\" sizes=\"auto, (max-width: 440px) 100vw, 440px\" \/><\/a><\/figure>\n<\/div>\n\n\n\n<div class=\"wp-block-cb-slide\">\n<figure class=\"wp-block-image size-full\"><a href=\"https:\/\/www.terrasardaadventures.com\"><img loading=\"lazy\" decoding=\"async\" width=\"440\" height=\"280\" src=\"https:\/\/all4sardinia.com\/wp-content\/uploads\/2023\/03\/Terra_Sarda_Adventures_logo.png\" alt=\"\" class=\"wp-image-30545\" srcset=\"https:\/\/all4sardinia.com\/wp-content\/uploads\/2023\/03\/Terra_Sarda_Adventures_logo.png 440w, https:\/\/all4sardinia.com\/wp-content\/uploads\/2023\/03\/Terra_Sarda_Adventures_logo-300x191.png 300w\" sizes=\"auto, (max-width: 440px) 100vw, 440px\" \/><\/a><\/figure>\n<\/div>\n\n\n\n<div class=\"wp-block-cb-slide\">\n<figure class=\"wp-block-image size-full\"><a href=\"https:\/\/www.kitesurfogliastra.com\"><img loading=\"lazy\" decoding=\"async\" width=\"440\" height=\"280\" src=\"https:\/\/all4sardinia.com\/wp-content\/uploads\/2023\/03\/KSO_logo.png\" alt=\"\" class=\"wp-image-30547\" srcset=\"https:\/\/all4sardinia.com\/wp-content\/uploads\/2023\/03\/KSO_logo.png 440w, https:\/\/all4sardinia.com\/wp-content\/uploads\/2023\/03\/KSO_logo-300x191.png 300w\" sizes=\"auto, (max-width: 440px) 100vw, 440px\" \/><\/a><\/figure>\n<\/div>\n\n\n\n<div class=\"wp-block-cb-slide\">\n<figure class=\"wp-block-image size-full\"><a href=\"https:\/\/www.cagliarirent.it\"><img loading=\"lazy\" decoding=\"async\" width=\"440\" height=\"280\" src=\"https:\/\/all4sardinia.com\/wp-content\/uploads\/2023\/03\/Cagliari_Rent_logo.png\" alt=\"\" class=\"wp-image-30549\" srcset=\"https:\/\/all4sardinia.com\/wp-content\/uploads\/2023\/03\/Cagliari_Rent_logo.png 440w, https:\/\/all4sardinia.com\/wp-content\/uploads\/2023\/03\/Cagliari_Rent_logo-300x191.png 300w\" sizes=\"auto, (max-width: 440px) 100vw, 440px\" \/><\/a><\/figure>\n<\/div>\n<\/div>\n","protected":false},"excerpt":{"rendered":"<p>ALL4SARDINIA IST EINE WERBEAGENTUR, DIENSTLEISTUNGEN UND VERWALTUNG F\u00dcR FERIENWOHNUNGENKONZENTRIERT SICH AUF DAS ERREICHEN VON ZWEI HAUPTZIELEN: Sind Sie ein Eigent\u00fcmer? Die Agentur bietet den Eigent\u00fcmern die folgenden Dienstleistungen an: N.B:&nbsp;Die touristische Betreuung wird nur in den Ferienh\u00e4usern in Ogliastra vor Ort angeboten. Sind Sie ein Tourist? Die Agentur bietet folgende Dienstleistungen f\u00fcr alle Touristen an: [&hellip;]<\/p>\n","protected":false},"author":6,"featured_media":0,"parent":0,"menu_order":0,"comment_status":"closed","ping_status":"closed","template":"","meta":{"inline_featured_image":false,"footnotes":""},"class_list":["post-31761","page","type-page","status-publish","hentry"],"_links":{"self":[{"href":"https:\/\/all4sardinia.com\/de\/wp-json\/wp\/v2\/pages\/31761","targetHints":{"allow":["GET"]}}],"collection":[{"href":"https:\/\/all4sardinia.com\/de\/wp-json\/wp\/v2\/pages"}],"about":[{"href":"https:\/\/all4sardinia.com\/de\/wp-json\/wp\/v2\/types\/page"}],"author":[{"embeddable":true,"href":"https:\/\/all4sardinia.com\/de\/wp-json\/wp\/v2\/users\/6"}],"replies":[{"embeddable":true,"href":"https:\/\/all4sardinia.com\/de\/wp-json\/wp\/v2\/comments?post=31761"}],"version-history":[{"count":3,"href":"https:\/\/all4sardinia.com\/de\/wp-json\/wp\/v2\/pages\/31761\/revisions"}],"predecessor-version":[{"id":32094,"href":"https:\/\/all4sardinia.com\/de\/wp-json\/wp\/v2\/pages\/31761\/revisions\/32094"}],"wp:attachment":[{"href":"https:\/\/all4sardinia.com\/de\/wp-json\/wp\/v2\/media?parent=31761"}],"curies":[{"name":"wp","href":"https:\/\/api.w.org\/{rel}","templated":true}]}}